{"id":33,"date":"2023-04-16T18:41:41","date_gmt":"2023-04-16T16:41:41","guid":{"rendered":"https:\/\/www.valenciennes-dynamite.fr\/?page_id=33"},"modified":"2024-10-09T21:46:30","modified_gmt":"2024-10-09T19:46:30","slug":"accueil-2","status":"publish","type":"page","link":"https:\/\/www.valenciennes-dynamite.fr\/","title":{"rendered":"Accueil"},"content":{"rendered":"\n<p><\/p>\n\n\n\n<p class=\"has-medium-font-size\"><strong><em>La Montgolfi\u00e8re ou le ballon \u00e0 air chaud..<\/em><\/strong><\/p>\n\n\n\n<figure class=\"wp-block-table\"><table class=\"has-fixed-layout\"><tbody><tr><td class=\"has-text-align-center\" data-align=\"center\"><strong><em>Devenez passager du vent&#8230; <\/em><\/strong><\/td><td class=\"has-text-align-center\" data-align=\"center\"><strong><em>R\u00e9alisez un vol en montgolfi\u00e8re&#8230;<\/em><\/strong><\/td><\/tr><tr><td class=\"has-text-align-center\" data-align=\"center\"><em><strong>Pour une occasion particuli\u00e8re, un anniversaire ou simplement vous faire plaisir venez d\u00e9couvrir le monde de l&rsquo;a\u00e9rostation.<\/strong><br><br><strong>Nous vous proposons de survoler le Valenciennois ou le Quercitain \u00e0 bord de l&rsquo;une de nos montgolfi\u00e8r<\/strong><\/em><strong>es.<\/strong><\/td><td class=\"has-text-align-center\" data-align=\"center\"><img decoding=\"async\" width=\"150\" height=\"224\" class=\"wp-image-36\" style=\"width: 150px;\" src=\"https:\/\/www.valenciennes-dynamite.fr\/wp-content\/uploads\/2023\/04\/wp4609efbf-2.png\" alt=\"Ballon-valdy\" srcset=\"https:\/\/www.valenciennes-dynamite.fr\/wp-content\/uploads\/2023\/04\/wp4609efbf-2.png 333w, https:\/\/www.valenciennes-dynamite.fr\/wp-content\/uploads\/2023\/04\/wp4609efbf-2-201x300.png 201w\" sizes=\"(max-width: 150px) 100vw, 150px\" \/><\/td><\/tr><tr><td class=\"has-text-align-center\" data-align=\"center\"><img decoding=\"async\" width=\"150\" height=\"200\" class=\"wp-image-40\" style=\"width: 150px;\" src=\"https:\/\/www.valenciennes-dynamite.fr\/wp-content\/uploads\/2023\/04\/deco.jpg\" alt=\"D\u00e9collage\" srcset=\"https:\/\/www.valenciennes-dynamite.fr\/wp-content\/uploads\/2023\/04\/deco.jpg 1536w, https:\/\/www.valenciennes-dynamite.fr\/wp-content\/uploads\/2023\/04\/deco-225x300.jpg 225w, https:\/\/www.valenciennes-dynamite.fr\/wp-content\/uploads\/2023\/04\/deco-768x1024.jpg 768w, https:\/\/www.valenciennes-dynamite.fr\/wp-content\/uploads\/2023\/04\/deco-1152x1536.jpg 1152w\" sizes=\"(max-width: 150px) 100vw, 150px\" \/><\/td><td class=\"has-text-align-center\" data-align=\"center\"><img fetchpriority=\"high\" decoding=\"async\" width=\"450\" height=\"187\" class=\"wp-image-37\" style=\"width: 450px;\" src=\"https:\/\/www.valenciennes-dynamite.fr\/wp-content\/uploads\/2023\/04\/adresse.png\" alt=\"Adresse\" srcset=\"https:\/\/www.valenciennes-dynamite.fr\/wp-content\/uploads\/2023\/04\/adresse.png 388w, https:\/\/www.valenciennes-dynamite.fr\/wp-content\/uploads\/2023\/04\/adresse-300x124.png 300w\" sizes=\"(max-width: 450px) 100vw, 450px\" \/><\/td><\/tr><\/tbody><\/table><\/figure>\n\n\n\n<p><\/p>\n","protected":false},"excerpt":{"rendered":"<p>La Montgolfi\u00e8re ou le ballon \u00e0 air chaud.. Devenez passager du vent&#8230; R\u00e9alisez un vol en montgolfi\u00e8re&#8230; Pour une occasion<\/p>\n","protected":false},"author":1,"featured_media":0,"parent":0,"menu_order":0,"comment_status":"closed","ping_status":"closed","template":"","meta":{"colormag_page_layout":"default_layout","footnotes":""},"class_list":["post-33","page","type-page","status-publish","hentry"],"aioseo_notices":[],"_links":{"self":[{"href":"https:\/\/www.valenciennes-dynamite.fr\/index.php?rest_route=\/wp\/v2\/pages\/33","targetHints":{"allow":["GET"]}}],"collection":[{"href":"https:\/\/www.valenciennes-dynamite.fr\/index.php?rest_route=\/wp\/v2\/pages"}],"about":[{"href":"https:\/\/www.valenciennes-dynamite.fr\/index.php?rest_route=\/wp\/v2\/types\/page"}],"author":[{"embeddable":true,"href":"https:\/\/www.valenciennes-dynamite.fr\/index.php?rest_route=\/wp\/v2\/users\/1"}],"replies":[{"embeddable":true,"href":"https:\/\/www.valenciennes-dynamite.fr\/index.php?rest_route=%2Fwp%2Fv2%2Fcomments&post=33"}],"version-history":[{"count":22,"href":"https:\/\/www.valenciennes-dynamite.fr\/index.php?rest_route=\/wp\/v2\/pages\/33\/revisions"}],"predecessor-version":[{"id":215,"href":"https:\/\/www.valenciennes-dynamite.fr\/index.php?rest_route=\/wp\/v2\/pages\/33\/revisions\/215"}],"wp:attachment":[{"href":"https:\/\/www.valenciennes-dynamite.fr\/index.php?rest_route=%2Fwp%2Fv2%2Fmedia&parent=33"}],"curies":[{"name":"wp","href":"https:\/\/api.w.org\/{rel}","templated":true}]}}