{"id":49,"date":"2023-04-16T18:40:16","date_gmt":"2023-04-16T16:40:16","guid":{"rendered":"https:\/\/www.valenciennes-dynamite.fr\/?page_id=49"},"modified":"2023-04-16T18:40:16","modified_gmt":"2023-04-16T16:40:16","slug":"rgpd","status":"publish","type":"page","link":"https:\/\/www.valenciennes-dynamite.fr\/?page_id=49","title":{"rendered":"RGPD"},"content":{"rendered":"\n<p class=\"has-medium-font-size\">Les informations recueillies vous concernant font l\u2019objet d\u2019un traitement destin\u00e9 \u00e0 pouvoir r\u00e9pondre \u00e0 vos demandes d\u2019information concernant Valenciennes-Dynamite :<\/p>\n\n\n\n<figure class=\"wp-block-image aligncenter size-full\"><img decoding=\"async\" width=\"378\" height=\"29\" src=\"https:\/\/www.valenciennes-dynamite.fr\/wp-content\/uploads\/2023\/04\/mail.png\" alt=\"Email\" class=\"wp-image-43\" srcset=\"https:\/\/www.valenciennes-dynamite.fr\/wp-content\/uploads\/2023\/04\/mail.png 378w, https:\/\/www.valenciennes-dynamite.fr\/wp-content\/uploads\/2023\/04\/mail-300x23.png 300w\" sizes=\"(max-width: 378px) 100vw, 378px\" \/><\/figure>\n\n\n\n<p class=\"has-medium-font-size\">Le destinataire de ces donn\u00e9es est le secr\u00e9tariat de l\u2019association qui g\u00e8rera votre demande.<\/p>\n\n\n\n<p class=\"has-medium-font-size\">Vous b\u00e9n\u00e9ficiez d\u2019un droit d\u2019acc\u00e8s, de rectification, de portabilit\u00e9, d\u2019effacement de celles-ci ou une limitation du traitement. Vous pouvez vous opposer au traitement des donn\u00e9es vous concernant et disposez du droit de retirer votre consentement \u00e0 tout moment en vous adressant directement au secr\u00e9tariat ou par mail :<\/p>\n\n\n\n<figure class=\"wp-block-image aligncenter size-full\"><img fetchpriority=\"high\" decoding=\"async\" width=\"388\" height=\"161\" src=\"https:\/\/www.valenciennes-dynamite.fr\/wp-content\/uploads\/2023\/04\/adresse.png\" alt=\"Adresse\" class=\"wp-image-37\" srcset=\"https:\/\/www.valenciennes-dynamite.fr\/wp-content\/uploads\/2023\/04\/adresse.png 388w, https:\/\/www.valenciennes-dynamite.fr\/wp-content\/uploads\/2023\/04\/adresse-300x124.png 300w\" sizes=\"(max-width: 388px) 100vw, 388px\" \/><\/figure>\n\n\n\n<p class=\"has-medium-font-size\">Vous avez la possibilit\u00e9 de porter une r\u00e9clamation aupr\u00e8s d\u2019une autorit\u00e9 de contr\u00f4le.<\/p>\n","protected":false},"excerpt":{"rendered":"<p>Les informations recueillies vous concernant font l\u2019objet d\u2019un traitement destin\u00e9 \u00e0 pouvoir r\u00e9pondre \u00e0 vos demandes d\u2019information concernant Valenciennes-Dynamite :<\/p>\n","protected":false},"author":1,"featured_media":0,"parent":0,"menu_order":0,"comment_status":"closed","ping_status":"closed","template":"","meta":{"colormag_page_layout":"default_layout","footnotes":""},"class_list":["post-49","page","type-page","status-publish","hentry"],"aioseo_notices":[],"_links":{"self":[{"href":"https:\/\/www.valenciennes-dynamite.fr\/index.php?rest_route=\/wp\/v2\/pages\/49","targetHints":{"allow":["GET"]}}],"collection":[{"href":"https:\/\/www.valenciennes-dynamite.fr\/index.php?rest_route=\/wp\/v2\/pages"}],"about":[{"href":"https:\/\/www.valenciennes-dynamite.fr\/index.php?rest_route=\/wp\/v2\/types\/page"}],"author":[{"embeddable":true,"href":"https:\/\/www.valenciennes-dynamite.fr\/index.php?rest_route=\/wp\/v2\/users\/1"}],"replies":[{"embeddable":true,"href":"https:\/\/www.valenciennes-dynamite.fr\/index.php?rest_route=%2Fwp%2Fv2%2Fcomments&post=49"}],"version-history":[{"count":2,"href":"https:\/\/www.valenciennes-dynamite.fr\/index.php?rest_route=\/wp\/v2\/pages\/49\/revisions"}],"predecessor-version":[{"id":51,"href":"https:\/\/www.valenciennes-dynamite.fr\/index.php?rest_route=\/wp\/v2\/pages\/49\/revisions\/51"}],"wp:attachment":[{"href":"https:\/\/www.valenciennes-dynamite.fr\/index.php?rest_route=%2Fwp%2Fv2%2Fmedia&parent=49"}],"curies":[{"name":"wp","href":"https:\/\/api.w.org\/{rel}","templated":true}]}}